{"id":42745,"date":"2023-03-29T11:17:18","date_gmt":"2023-03-29T11:17:18","guid":{"rendered":"\/contact-us\/"},"modified":"2025-11-26T15:33:28","modified_gmt":"2025-11-26T15:33:28","slug":"contact-us","status":"publish","type":"page","link":"\/de\/contact-us\/","title":{"rendered":"Kontaktieren Sie uns"},"content":{"rendered":"\n<h4><strong>Wir stehen Ihnen mit allen Informationen zur Verf\u00fcgung, die Sie ben\u00f6tigen.<\/strong><\/h4>\n\n\n\n<p>&nbsp;<\/p>\n\n\n\n<p>Wenn Sie Fragen zum Handel auf unserer Plattform haben, stehen Ihnen unsere Mitarbeiter jederzeit mit Rat und Tat zur Seite.<\/p>\n\n\n\n<p>&nbsp;<\/p>\n\n\n\n<p>Sie k\u00f6nnen uns auf verschiedene Weise kontaktieren:<\/p>\n\n\n\n<p>&nbsp;<\/p>\n\n\n\n<p><strong>per E-Mail<\/strong>:<\/p>\n\n\n\n<p>&nbsp;<\/p>\n\n\n\n<p><strong>Unterst\u00fctzung der arabischen Sprache<\/strong><\/p>\n\n\n\n<p><a rel=\"noreferrer noopener\" target=\"_blank\" href=\"mailto:support@wrpro.com\" data-type=\"mailto\" data-id=\"mailto:support@wrpro.com\">support@wrpr<\/a><a href=\"mailto:support@wrpro.com\" data-type=\"mailto\" data-id=\"mailto:support@wrpro.com\" target=\"_blank\" rel=\"noreferrer noopener\">o<\/a><a rel=\"noreferrer noopener\" target=\"_blank\" href=\"mailto:support@wrpro.com\" data-type=\"mailto\" data-id=\"mailto:support@wrpro.com\">.com<\/a><\/p>\n\n\n\n<p>&nbsp;<\/p>\n\n\n\n<p><strong>Englischsprachige Unterst\u00fctzung<\/strong><\/p>\n\n\n\n<p><a href=\"mailto:Support.en@wrpro.com\" data-type=\"mailto\" data-id=\"mailto:Support.en@wrpro.com\">Support.en@wrpro.com<\/a><\/p>\n\n\n\n<p>&nbsp;<\/p>\n\n\n\n<p><strong>Direkter Anruf<\/strong>:<\/p>\n\n\n\n<p>&nbsp;<\/p>\n\n\n\n<p>English<br><a href=\"tel:+442080971406\" target=\"_blank\" rel=\"noreferrer noopener\">+442080971406<\/a><\/p>\n\n\n\n<p>&nbsp;<\/p>\n\n\n\n<p>UAE<br><a href=\"tel:+97145429169\" target=\"_blank\" rel=\"noreferrer noopener\">+97145429169<\/a><\/p>\n\n\n\n<p>&nbsp;<\/p>\n\n\n\n<p>Kuwait<\/p>\n\n\n\n<p><a href=\"tel:+96566227817\" target=\"_blank\" rel=\"noreferrer noopener\">+96566227817<\/a><\/p>\n\n\n\n<p>&nbsp;<\/p>\n\n\n\n<p>&nbsp;<\/p>\n\n\n\n<p>&nbsp;<\/p>\n\n\n\n<p><\/p>\n\n\n\n<hr class=\"wp-block-separator\"\/>\n\n\n\n<p><strong>Partner<\/strong> <strong>(I.B):<\/strong> <\/p>\n\n\n\n<p>&nbsp;<\/p>\n\n\n\n<h6>Dubai, Vereinigte Arabische Emirate: <\/h6>\n\n\n\n<h6>Jabal Ali Industrial first, Bur Dubai F, office 12<\/h6>\n\n\n\n<p>&nbsp;<\/p>\n\n\n\n<h6>Manama, Bahrain :<br>MJ Tower, Floor 6, Al Seef District.<\/h6>\n\n\n\n<p>&nbsp;<\/p>\n\n\n\n<h6>Jeddah, Saudi Arabia :<br>King Abdullah Road, Al-Ruwais, 23214.<\/h6>\n\n\n\n<h5> <\/h5>\n\n\n\n<p>&nbsp;<\/p>\n\n\n\n<p><\/p>\n","protected":false},"excerpt":{"rendered":"<p>Wir stehen Ihnen mit allen Informationen zur Verf\u00fcgung, die Sie ben\u00f6tigen. &nbsp; Wenn Sie Fragen zum Handel auf unserer Plattform haben, stehen Ihnen unsere Mitarbeiter jederzeit mit Rat und Tat zur Seite. &nbsp; Sie k\u00f6nnen uns auf verschiedene Weise kontaktieren: &nbsp; per E-Mail: &nbsp; Unterst\u00fctzung der arabischen Sprache support@wrpro.com &nbsp; Englischsprachige Unterst\u00fctzung Support.en@wrpro.com &nbsp; Direkter [&hellip;]<\/p>\n","protected":false},"author":36,"featured_media":0,"parent":0,"menu_order":0,"comment_status":"closed","ping_status":"closed","template":"page-templates\/page-contact-us.php","meta":[],"yoast_head":"<!-- This site is optimized with the Yoast SEO plugin v15.9.1 - https:\/\/yoast.com\/wordpress\/plugins\/seo\/ -->\n<title>Kontaktieren Sie uns - WRPRO<\/title>\n<link rel=\"canonical\" href=\"https:\/\/www.wrpro.com\/de\/contact-us\/\" \/>\n<meta property=\"og:locale\" content=\"de_DE\" \/>\n<meta property=\"og:type\" content=\"article\" \/>\n<meta property=\"og:title\" content=\"Kontaktieren Sie uns - WRPRO\" \/>\n<meta property=\"og:description\" content=\"Wir stehen Ihnen mit allen Informationen zur Verf\u00fcgung, die Sie ben\u00f6tigen. &nbsp; Wenn Sie Fragen zum Handel auf unserer Plattform haben, stehen Ihnen unsere Mitarbeiter jederzeit mit Rat und Tat zur Seite. &nbsp; Sie k\u00f6nnen uns auf verschiedene Weise kontaktieren: &nbsp; per E-Mail: &nbsp; Unterst\u00fctzung der arabischen Sprache support@wrpro.com &nbsp; Englischsprachige Unterst\u00fctzung Support.en@wrpro.com &nbsp; Direkter [&hellip;]\" \/>\n<meta property=\"og:url\" content=\"\/de\/contact-us\/\" \/>\n<meta property=\"og:site_name\" content=\"WRPRO\" \/>\n<meta property=\"article:modified_time\" content=\"2025-11-26T15:33:28+00:00\" \/>\n<meta name=\"twitter:card\" content=\"summary_large_image\" \/>\n<meta name=\"twitter:label1\" content=\"Est. reading time\">\n\t<meta name=\"twitter:data1\" content=\"1 minute\">\n<script type=\"application\/ld+json\" class=\"yoast-schema-graph\">{\"@context\":\"https:\/\/schema.org\",\"@graph\":[{\"@type\":\"WebSite\",\"@id\":\"https:\/\/www.wrpro.com\/#website\",\"url\":\"https:\/\/www.wrpro.com\/\",\"name\":\"WRPRO\",\"description\":\"\",\"potentialAction\":[{\"@type\":\"SearchAction\",\"target\":\"https:\/\/www.wrpro.com\/?s={search_term_string}\",\"query-input\":\"required name=search_term_string\"}],\"inLanguage\":\"de-DE\"},{\"@type\":\"WebPage\",\"@id\":\"https:\/\/www.wrpro.com\/de\/contact-us\/#webpage\",\"url\":\"https:\/\/www.wrpro.com\/de\/contact-us\/\",\"name\":\"Kontaktieren Sie uns - WRPRO\",\"isPartOf\":{\"@id\":\"https:\/\/www.wrpro.com\/#website\"},\"datePublished\":\"2023-03-29T11:17:18+00:00\",\"dateModified\":\"2025-11-26T15:33:28+00:00\",\"breadcrumb\":{\"@id\":\"https:\/\/www.wrpro.com\/de\/contact-us\/#breadcrumb\"},\"inLanguage\":\"de-DE\",\"potentialAction\":[{\"@type\":\"ReadAction\",\"target\":[\"https:\/\/www.wrpro.com\/de\/contact-us\/\"]}]},{\"@type\":\"BreadcrumbList\",\"@id\":\"https:\/\/www.wrpro.com\/de\/contact-us\/#breadcrumb\",\"itemListElement\":[{\"@type\":\"ListItem\",\"position\":1,\"item\":{\"@type\":\"WebPage\",\"@id\":\"\/de\/contact-us\/\",\"url\":\"\/de\/contact-us\/\",\"name\":\"Kontaktieren Sie uns\"}}]}]}<\/script>\n<!-- \/ Yoast SEO plugin. -->","_links":{"self":[{"href":"https:\/\/www.wrpro.com\/de\/wp-json\/wp\/v2\/pages\/42745"}],"collection":[{"href":"https:\/\/www.wrpro.com\/de\/wp-json\/wp\/v2\/pages"}],"about":[{"href":"https:\/\/www.wrpro.com\/de\/wp-json\/wp\/v2\/types\/page"}],"author":[{"embeddable":true,"href":"https:\/\/www.wrpro.com\/de\/wp-json\/wp\/v2\/users\/36"}],"replies":[{"embeddable":true,"href":"https:\/\/www.wrpro.com\/de\/wp-json\/wp\/v2\/comments?post=42745"}],"version-history":[{"count":34,"href":"https:\/\/www.wrpro.com\/de\/wp-json\/wp\/v2\/pages\/42745\/revisions"}],"predecessor-version":[{"id":79761,"href":"https:\/\/www.wrpro.com\/de\/wp-json\/wp\/v2\/pages\/42745\/revisions\/79761"}],"wp:attachment":[{"href":"https:\/\/www.wrpro.com\/de\/wp-json\/wp\/v2\/media?parent=42745"}],"curies":[{"name":"wp","href":"https:\/\/api.w.org\/{rel}","templated":true}]}}