{"id":42808,"date":"2023-03-31T08:35:42","date_gmt":"2023-03-31T08:35:42","guid":{"rendered":"\/economic-calendar\/"},"modified":"2024-11-21T09:05:03","modified_gmt":"2024-11-21T09:05:03","slug":"economic-calendar","status":"publish","type":"page","link":"\/de\/economic-calendar\/","title":{"rendered":"Wirtschaftskalender"},"content":{"rendered":"\n<p>Der WrPro-Wirtschaftskalender h\u00e4lt Trader \u00fcber wichtige Finanzereignisse auf dem Laufenden, die die Weltwirtschaft beeinflussen und Marktbewegungen ausl\u00f6sen k\u00f6nnen.<\/p>\n\n\n\n<p><br>Der Wirtschaftskalender ist ein wertvolles Tool f\u00fcr Trader aller Ebenen, die sich auf globale Ereignisse konzentrieren.<\/p>\n\n\n\n<ngp-economic-calendar><\/ngp-economic-calendar>\n\n\n\n<p><\/p>\n","protected":false},"excerpt":{"rendered":"<p>Der WrPro-Wirtschaftskalender h\u00e4lt Trader \u00fcber wichtige Finanzereignisse auf dem Laufenden, die die Weltwirtschaft beeinflussen und Marktbewegungen ausl\u00f6sen k\u00f6nnen. Der Wirtschaftskalender ist ein wertvolles Tool f\u00fcr Trader aller Ebenen, die sich auf globale Ereignisse konzentrieren.<\/p>\n","protected":false},"author":41,"featured_media":0,"parent":0,"menu_order":0,"comment_status":"closed","ping_status":"closed","template":"page-templates\/page-economic-calendar.php","meta":[],"yoast_head":"<!-- This site is optimized with the Yoast SEO plugin v15.9.1 - https:\/\/yoast.com\/wordpress\/plugins\/seo\/ -->\n<title>Wirtschaftskalender - WRPRO<\/title>\n<link rel=\"canonical\" href=\"https:\/\/www.wrpro.com\/de\/economic-calendar\/\" \/>\n<meta property=\"og:locale\" content=\"de_DE\" \/>\n<meta property=\"og:type\" content=\"article\" \/>\n<meta property=\"og:title\" content=\"Wirtschaftskalender - WRPRO\" \/>\n<meta property=\"og:description\" content=\"Der WrPro-Wirtschaftskalender h\u00e4lt Trader \u00fcber wichtige Finanzereignisse auf dem Laufenden, die die Weltwirtschaft beeinflussen und Marktbewegungen ausl\u00f6sen k\u00f6nnen. Der Wirtschaftskalender ist ein wertvolles Tool f\u00fcr Trader aller Ebenen, die sich auf globale Ereignisse konzentrieren.\" \/>\n<meta property=\"og:url\" content=\"\/de\/economic-calendar\/\" \/>\n<meta property=\"og:site_name\" content=\"WRPRO\" \/>\n<meta property=\"article:modified_time\" content=\"2024-11-21T09:05:03+00:00\" \/>\n<meta name=\"twitter:card\" content=\"summary_large_image\" \/>\n<meta name=\"twitter:label1\" content=\"Est. reading time\">\n\t<meta name=\"twitter:data1\" content=\"1 minute\">\n<script type=\"application\/ld+json\" class=\"yoast-schema-graph\">{\"@context\":\"https:\/\/schema.org\",\"@graph\":[{\"@type\":\"WebSite\",\"@id\":\"https:\/\/www.wrpro.com\/#website\",\"url\":\"https:\/\/www.wrpro.com\/\",\"name\":\"WRPRO\",\"description\":\"\",\"potentialAction\":[{\"@type\":\"SearchAction\",\"target\":\"https:\/\/www.wrpro.com\/?s={search_term_string}\",\"query-input\":\"required name=search_term_string\"}],\"inLanguage\":\"de-DE\"},{\"@type\":\"WebPage\",\"@id\":\"https:\/\/www.wrpro.com\/de\/economic-calendar\/#webpage\",\"url\":\"https:\/\/www.wrpro.com\/de\/economic-calendar\/\",\"name\":\"Wirtschaftskalender - WRPRO\",\"isPartOf\":{\"@id\":\"https:\/\/www.wrpro.com\/#website\"},\"datePublished\":\"2023-03-31T08:35:42+00:00\",\"dateModified\":\"2024-11-21T09:05:03+00:00\",\"breadcrumb\":{\"@id\":\"https:\/\/www.wrpro.com\/de\/economic-calendar\/#breadcrumb\"},\"inLanguage\":\"de-DE\",\"potentialAction\":[{\"@type\":\"ReadAction\",\"target\":[\"https:\/\/www.wrpro.com\/de\/economic-calendar\/\"]}]},{\"@type\":\"BreadcrumbList\",\"@id\":\"https:\/\/www.wrpro.com\/de\/economic-calendar\/#breadcrumb\",\"itemListElement\":[{\"@type\":\"ListItem\",\"position\":1,\"item\":{\"@type\":\"WebPage\",\"@id\":\"\/de\/economic-calendar\/\",\"url\":\"\/de\/economic-calendar\/\",\"name\":\"Wirtschaftskalender\"}}]}]}<\/script>\n<!-- \/ Yoast SEO plugin. -->","_links":{"self":[{"href":"https:\/\/www.wrpro.com\/de\/wp-json\/wp\/v2\/pages\/42808"}],"collection":[{"href":"https:\/\/www.wrpro.com\/de\/wp-json\/wp\/v2\/pages"}],"about":[{"href":"https:\/\/www.wrpro.com\/de\/wp-json\/wp\/v2\/types\/page"}],"author":[{"embeddable":true,"href":"https:\/\/www.wrpro.com\/de\/wp-json\/wp\/v2\/users\/41"}],"replies":[{"embeddable":true,"href":"https:\/\/www.wrpro.com\/de\/wp-json\/wp\/v2\/comments?post=42808"}],"version-history":[{"count":6,"href":"https:\/\/www.wrpro.com\/de\/wp-json\/wp\/v2\/pages\/42808\/revisions"}],"predecessor-version":[{"id":69813,"href":"https:\/\/www.wrpro.com\/de\/wp-json\/wp\/v2\/pages\/42808\/revisions\/69813"}],"wp:attachment":[{"href":"https:\/\/www.wrpro.com\/de\/wp-json\/wp\/v2\/media?parent=42808"}],"curies":[{"name":"wp","href":"https:\/\/api.w.org\/{rel}","templated":true}]}}