{"id":42826,"date":"2023-05-18T11:14:18","date_gmt":"2023-05-18T11:14:18","guid":{"rendered":"\/trading-hours\/"},"modified":"2025-01-08T08:44:40","modified_gmt":"2025-01-08T08:44:40","slug":"trading-hours","status":"publish","type":"page","link":"\/de\/trading-hours\/","title":{"rendered":"Handelszeiten"},"content":{"rendered":"\n<p>Machen Sie das Beste aus den M\u00e4rkten.<\/p>\n\n\n\n<p><meta charset=\"utf-8\">Auf unserer Seite Handelszeiten finden Sie aktuelle Informationen dar\u00fcber, wann die M\u00e4rkte ge\u00f6ffnet sind. So k\u00f6nnen Sie Ihre Trades entsprechend planen und das Beste aus Ihren Investitionen machen.<\/p>\n\n\n\n<p>** Alle Zeiten inGMT+3<\/p>\n","protected":false},"excerpt":{"rendered":"<p>Machen Sie das Beste aus den M\u00e4rkten. Auf unserer Seite Handelszeiten finden Sie aktuelle Informationen dar\u00fcber, wann die M\u00e4rkte ge\u00f6ffnet sind. So k\u00f6nnen Sie Ihre Trades entsprechend planen und das Beste aus Ihren Investitionen machen. ** Alle Zeiten inGMT+3<\/p>\n","protected":false},"author":36,"featured_media":0,"parent":0,"menu_order":0,"comment_status":"closed","ping_status":"closed","template":"page-templates\/page-trading-hours.php","meta":[],"yoast_head":"<!-- This site is optimized with the Yoast SEO plugin v15.9.1 - https:\/\/yoast.com\/wordpress\/plugins\/seo\/ -->\n<title>Handelszeiten - WRPRO<\/title>\n<link rel=\"canonical\" href=\"https:\/\/www.wrpro.com\/de\/trading-hours\/\" \/>\n<meta property=\"og:locale\" content=\"de_DE\" \/>\n<meta property=\"og:type\" content=\"article\" \/>\n<meta property=\"og:title\" content=\"Handelszeiten - WRPRO\" \/>\n<meta property=\"og:description\" content=\"Machen Sie das Beste aus den M\u00e4rkten. Auf unserer Seite Handelszeiten finden Sie aktuelle Informationen dar\u00fcber, wann die M\u00e4rkte ge\u00f6ffnet sind. So k\u00f6nnen Sie Ihre Trades entsprechend planen und das Beste aus Ihren Investitionen machen. ** Alle Zeiten inGMT+3\" \/>\n<meta property=\"og:url\" content=\"\/de\/trading-hours\/\" \/>\n<meta property=\"og:site_name\" content=\"WRPRO\" \/>\n<meta property=\"article:modified_time\" content=\"2025-01-08T08:44:40+00:00\" \/>\n<meta name=\"twitter:card\" content=\"summary_large_image\" \/>\n<meta name=\"twitter:label1\" content=\"Est. reading time\">\n\t<meta name=\"twitter:data1\" content=\"1 minute\">\n<script type=\"application\/ld+json\" class=\"yoast-schema-graph\">{\"@context\":\"https:\/\/schema.org\",\"@graph\":[{\"@type\":\"WebSite\",\"@id\":\"https:\/\/www.wrpro.com\/#website\",\"url\":\"https:\/\/www.wrpro.com\/\",\"name\":\"WRPRO\",\"description\":\"\",\"potentialAction\":[{\"@type\":\"SearchAction\",\"target\":\"https:\/\/www.wrpro.com\/?s={search_term_string}\",\"query-input\":\"required name=search_term_string\"}],\"inLanguage\":\"de-DE\"},{\"@type\":\"WebPage\",\"@id\":\"https:\/\/www.wrpro.com\/de\/trading-hours\/#webpage\",\"url\":\"https:\/\/www.wrpro.com\/de\/trading-hours\/\",\"name\":\"Handelszeiten - WRPRO\",\"isPartOf\":{\"@id\":\"https:\/\/www.wrpro.com\/#website\"},\"datePublished\":\"2023-05-18T11:14:18+00:00\",\"dateModified\":\"2025-01-08T08:44:40+00:00\",\"breadcrumb\":{\"@id\":\"https:\/\/www.wrpro.com\/de\/trading-hours\/#breadcrumb\"},\"inLanguage\":\"de-DE\",\"potentialAction\":[{\"@type\":\"ReadAction\",\"target\":[\"https:\/\/www.wrpro.com\/de\/trading-hours\/\"]}]},{\"@type\":\"BreadcrumbList\",\"@id\":\"https:\/\/www.wrpro.com\/de\/trading-hours\/#breadcrumb\",\"itemListElement\":[{\"@type\":\"ListItem\",\"position\":1,\"item\":{\"@type\":\"WebPage\",\"@id\":\"\/de\/trading-hours\/\",\"url\":\"\/de\/trading-hours\/\",\"name\":\"Handelszeiten\"}}]}]}<\/script>\n<!-- \/ Yoast SEO plugin. -->","_links":{"self":[{"href":"https:\/\/www.wrpro.com\/de\/wp-json\/wp\/v2\/pages\/42826"}],"collection":[{"href":"https:\/\/www.wrpro.com\/de\/wp-json\/wp\/v2\/pages"}],"about":[{"href":"https:\/\/www.wrpro.com\/de\/wp-json\/wp\/v2\/types\/page"}],"author":[{"embeddable":true,"href":"https:\/\/www.wrpro.com\/de\/wp-json\/wp\/v2\/users\/36"}],"replies":[{"embeddable":true,"href":"https:\/\/www.wrpro.com\/de\/wp-json\/wp\/v2\/comments?post=42826"}],"version-history":[{"count":30,"href":"https:\/\/www.wrpro.com\/de\/wp-json\/wp\/v2\/pages\/42826\/revisions"}],"predecessor-version":[{"id":72051,"href":"https:\/\/www.wrpro.com\/de\/wp-json\/wp\/v2\/pages\/42826\/revisions\/72051"}],"wp:attachment":[{"href":"https:\/\/www.wrpro.com\/de\/wp-json\/wp\/v2\/media?parent=42826"}],"curies":[{"name":"wp","href":"https:\/\/api.w.org\/{rel}","templated":true}]}}