{"id":42861,"date":"2023-03-29T11:11:21","date_gmt":"2023-03-29T11:11:21","guid":{"rendered":"\/legal-documents\/"},"modified":"2024-11-21T09:20:47","modified_gmt":"2024-11-21T09:20:47","slug":"legal-documents","status":"publish","type":"page","link":"\/de\/legal-documents\/","title":{"rendered":"Gesetzliche"},"content":{"rendered":"\n<p>Bei WrPro nehmen wir die Einhaltung von Gesetzen und Vorschriften sehr ernst, insbesondere wenn es um die Interessen unserer Kunden geht. Wir raten Ihnen dringend, unsere rechtlichen Dokumente zu lesen, bevor Sie mit dem Handel beginnen, um sicherzustellen, dass Sie die Bedingungen und Konditionen unserer Dienstleistungen vollst\u00e4ndig verstehen.<\/p>\n\n\n\n<p>Unser Engagement f\u00fcr die Einhaltung von Industriestandards und -vorschriften bedeutet, dass Sie darauf vertrauen k\u00f6nnen, dass Ihre Investitionen sicher und gesch\u00fctzt sind.<\/p>\n","protected":false},"excerpt":{"rendered":"<p>Bei WrPro nehmen wir die Einhaltung von Gesetzen und Vorschriften sehr ernst, insbesondere wenn es um die Interessen unserer Kunden geht. Wir raten Ihnen dringend, unsere rechtlichen Dokumente zu lesen, bevor Sie mit dem Handel beginnen, um sicherzustellen, dass Sie die Bedingungen und Konditionen unserer Dienstleistungen vollst\u00e4ndig verstehen. Unser Engagement f\u00fcr die Einhaltung von Industriestandards [&hellip;]<\/p>\n","protected":false},"author":36,"featured_media":0,"parent":0,"menu_order":0,"comment_status":"closed","ping_status":"closed","template":"page-templates\/page-legal-doc.php","meta":[],"yoast_head":"<!-- This site is optimized with the Yoast SEO plugin v15.9.1 - https:\/\/yoast.com\/wordpress\/plugins\/seo\/ -->\n<title>Gesetzliche - WRPRO<\/title>\n<link rel=\"canonical\" href=\"https:\/\/www.wrpro.com\/de\/legal-documents\/\" \/>\n<meta property=\"og:locale\" content=\"de_DE\" \/>\n<meta property=\"og:type\" content=\"article\" \/>\n<meta property=\"og:title\" content=\"Gesetzliche - WRPRO\" \/>\n<meta property=\"og:description\" content=\"Bei WrPro nehmen wir die Einhaltung von Gesetzen und Vorschriften sehr ernst, insbesondere wenn es um die Interessen unserer Kunden geht. Wir raten Ihnen dringend, unsere rechtlichen Dokumente zu lesen, bevor Sie mit dem Handel beginnen, um sicherzustellen, dass Sie die Bedingungen und Konditionen unserer Dienstleistungen vollst\u00e4ndig verstehen. Unser Engagement f\u00fcr die Einhaltung von Industriestandards [&hellip;]\" \/>\n<meta property=\"og:url\" content=\"\/de\/legal-documents\/\" \/>\n<meta property=\"og:site_name\" content=\"WRPRO\" \/>\n<meta property=\"article:modified_time\" content=\"2024-11-21T09:20:47+00:00\" \/>\n<meta name=\"twitter:card\" content=\"summary_large_image\" \/>\n<meta name=\"twitter:label1\" content=\"Est. reading time\">\n\t<meta name=\"twitter:data1\" content=\"1 minute\">\n<script type=\"application\/ld+json\" class=\"yoast-schema-graph\">{\"@context\":\"https:\/\/schema.org\",\"@graph\":[{\"@type\":\"WebSite\",\"@id\":\"https:\/\/www.wrpro.com\/#website\",\"url\":\"https:\/\/www.wrpro.com\/\",\"name\":\"WRPRO\",\"description\":\"\",\"potentialAction\":[{\"@type\":\"SearchAction\",\"target\":\"https:\/\/www.wrpro.com\/?s={search_term_string}\",\"query-input\":\"required name=search_term_string\"}],\"inLanguage\":\"de-DE\"},{\"@type\":\"WebPage\",\"@id\":\"https:\/\/www.wrpro.com\/de\/legal-documents\/#webpage\",\"url\":\"https:\/\/www.wrpro.com\/de\/legal-documents\/\",\"name\":\"Gesetzliche - WRPRO\",\"isPartOf\":{\"@id\":\"https:\/\/www.wrpro.com\/#website\"},\"datePublished\":\"2023-03-29T11:11:21+00:00\",\"dateModified\":\"2024-11-21T09:20:47+00:00\",\"breadcrumb\":{\"@id\":\"https:\/\/www.wrpro.com\/de\/legal-documents\/#breadcrumb\"},\"inLanguage\":\"de-DE\",\"potentialAction\":[{\"@type\":\"ReadAction\",\"target\":[\"https:\/\/www.wrpro.com\/de\/legal-documents\/\"]}]},{\"@type\":\"BreadcrumbList\",\"@id\":\"https:\/\/www.wrpro.com\/de\/legal-documents\/#breadcrumb\",\"itemListElement\":[{\"@type\":\"ListItem\",\"position\":1,\"item\":{\"@type\":\"WebPage\",\"@id\":\"\/de\/legal-documents\/\",\"url\":\"\/de\/legal-documents\/\",\"name\":\"Gesetzliche\"}}]}]}<\/script>\n<!-- \/ Yoast SEO plugin. -->","_links":{"self":[{"href":"https:\/\/www.wrpro.com\/de\/wp-json\/wp\/v2\/pages\/42861"}],"collection":[{"href":"https:\/\/www.wrpro.com\/de\/wp-json\/wp\/v2\/pages"}],"about":[{"href":"https:\/\/www.wrpro.com\/de\/wp-json\/wp\/v2\/types\/page"}],"author":[{"embeddable":true,"href":"https:\/\/www.wrpro.com\/de\/wp-json\/wp\/v2\/users\/36"}],"replies":[{"embeddable":true,"href":"https:\/\/www.wrpro.com\/de\/wp-json\/wp\/v2\/comments?post=42861"}],"version-history":[{"count":11,"href":"https:\/\/www.wrpro.com\/de\/wp-json\/wp\/v2\/pages\/42861\/revisions"}],"predecessor-version":[{"id":70001,"href":"https:\/\/www.wrpro.com\/de\/wp-json\/wp\/v2\/pages\/42861\/revisions\/70001"}],"wp:attachment":[{"href":"https:\/\/www.wrpro.com\/de\/wp-json\/wp\/v2\/media?parent=42861"}],"curies":[{"name":"wp","href":"https:\/\/api.w.org\/{rel}","templated":true}]}}