{"id":50557,"date":"2023-05-18T11:05:49","date_gmt":"2023-05-18T11:05:49","guid":{"rendered":"\/rollover-dates\/"},"modified":"2025-06-10T10:27:56","modified_gmt":"2025-06-10T10:27:56","slug":"rollover-dates","status":"publish","type":"page","link":"\/de\/rollover-dates\/","title":{"rendered":"Rollover-Termine"},"content":{"rendered":"\n<p><\/p>\n\n\n\n<p>Der automatische Rollover ist ein kostenloser Service, der Positionen, die ausgelaufen sind, automatisch erneuert, ohne dass zus\u00e4tzliche Mittel erforderlich sind oder das Eigenkapital Ihres Kontos beeintr\u00e4chtigt wird. Mit dieser Funktion sparen Sie Zeit und Geld, da Sie Ihre Positionen nicht manuell verl\u00e4ngern m\u00fcssen und sich keine Sorgen um den Stand Ihres Handelskontos machen m\u00fcssen.<\/p>\n","protected":false},"excerpt":{"rendered":"<p>Der automatische Rollover ist ein kostenloser Service, der Positionen, die ausgelaufen sind, automatisch erneuert, ohne dass zus\u00e4tzliche Mittel erforderlich sind oder das Eigenkapital Ihres Kontos beeintr\u00e4chtigt wird. Mit dieser Funktion sparen Sie Zeit und Geld, da Sie Ihre Positionen nicht manuell verl\u00e4ngern m\u00fcssen und sich keine Sorgen um den Stand Ihres Handelskontos machen m\u00fcssen.<\/p>\n","protected":false},"author":36,"featured_media":0,"parent":0,"menu_order":0,"comment_status":"closed","ping_status":"closed","template":"page-templates\/page-rollover-dates.php","meta":[],"yoast_head":"<!-- This site is optimized with the Yoast SEO plugin v15.9.1 - https:\/\/yoast.com\/wordpress\/plugins\/seo\/ -->\n<title>Rollover-Termine - WRPRO<\/title>\n<link rel=\"canonical\" href=\"https:\/\/www.wrpro.com\/de\/rollover-dates\/\" \/>\n<meta property=\"og:locale\" content=\"de_DE\" \/>\n<meta property=\"og:type\" content=\"article\" \/>\n<meta property=\"og:title\" content=\"Rollover-Termine - WRPRO\" \/>\n<meta property=\"og:description\" content=\"Der automatische Rollover ist ein kostenloser Service, der Positionen, die ausgelaufen sind, automatisch erneuert, ohne dass zus\u00e4tzliche Mittel erforderlich sind oder das Eigenkapital Ihres Kontos beeintr\u00e4chtigt wird. Mit dieser Funktion sparen Sie Zeit und Geld, da Sie Ihre Positionen nicht manuell verl\u00e4ngern m\u00fcssen und sich keine Sorgen um den Stand Ihres Handelskontos machen m\u00fcssen.\" \/>\n<meta property=\"og:url\" content=\"\/de\/rollover-dates\/\" \/>\n<meta property=\"og:site_name\" content=\"WRPRO\" \/>\n<meta property=\"article:modified_time\" content=\"2025-06-10T10:27:56+00:00\" \/>\n<meta name=\"twitter:card\" content=\"summary_large_image\" \/>\n<meta name=\"twitter:label1\" content=\"Est. reading time\">\n\t<meta name=\"twitter:data1\" content=\"1 minute\">\n<script type=\"application\/ld+json\" class=\"yoast-schema-graph\">{\"@context\":\"https:\/\/schema.org\",\"@graph\":[{\"@type\":\"WebSite\",\"@id\":\"https:\/\/www.wrpro.com\/#website\",\"url\":\"https:\/\/www.wrpro.com\/\",\"name\":\"WRPRO\",\"description\":\"\",\"potentialAction\":[{\"@type\":\"SearchAction\",\"target\":\"https:\/\/www.wrpro.com\/?s={search_term_string}\",\"query-input\":\"required name=search_term_string\"}],\"inLanguage\":\"de-DE\"},{\"@type\":\"WebPage\",\"@id\":\"https:\/\/www.wrpro.com\/de\/rollover-dates\/#webpage\",\"url\":\"https:\/\/www.wrpro.com\/de\/rollover-dates\/\",\"name\":\"Rollover-Termine - WRPRO\",\"isPartOf\":{\"@id\":\"https:\/\/www.wrpro.com\/#website\"},\"datePublished\":\"2023-05-18T11:05:49+00:00\",\"dateModified\":\"2025-06-10T10:27:56+00:00\",\"breadcrumb\":{\"@id\":\"https:\/\/www.wrpro.com\/de\/rollover-dates\/#breadcrumb\"},\"inLanguage\":\"de-DE\",\"potentialAction\":[{\"@type\":\"ReadAction\",\"target\":[\"https:\/\/www.wrpro.com\/de\/rollover-dates\/\"]}]},{\"@type\":\"BreadcrumbList\",\"@id\":\"https:\/\/www.wrpro.com\/de\/rollover-dates\/#breadcrumb\",\"itemListElement\":[{\"@type\":\"ListItem\",\"position\":1,\"item\":{\"@type\":\"WebPage\",\"@id\":\"\/de\/rollover-dates\/\",\"url\":\"\/de\/rollover-dates\/\",\"name\":\"Rollover-Termine\"}}]}]}<\/script>\n<!-- \/ Yoast SEO plugin. -->","_links":{"self":[{"href":"https:\/\/www.wrpro.com\/de\/wp-json\/wp\/v2\/pages\/50557"}],"collection":[{"href":"https:\/\/www.wrpro.com\/de\/wp-json\/wp\/v2\/pages"}],"about":[{"href":"https:\/\/www.wrpro.com\/de\/wp-json\/wp\/v2\/types\/page"}],"author":[{"embeddable":true,"href":"https:\/\/www.wrpro.com\/de\/wp-json\/wp\/v2\/users\/36"}],"replies":[{"embeddable":true,"href":"https:\/\/www.wrpro.com\/de\/wp-json\/wp\/v2\/comments?post=50557"}],"version-history":[{"count":13,"href":"https:\/\/www.wrpro.com\/de\/wp-json\/wp\/v2\/pages\/50557\/revisions"}],"predecessor-version":[{"id":75741,"href":"https:\/\/www.wrpro.com\/de\/wp-json\/wp\/v2\/pages\/50557\/revisions\/75741"}],"wp:attachment":[{"href":"https:\/\/www.wrpro.com\/de\/wp-json\/wp\/v2\/media?parent=50557"}],"curies":[{"name":"wp","href":"https:\/\/api.w.org\/{rel}","templated":true}]}}