{"id":66836,"date":"2023-04-21T08:38:39","date_gmt":"2023-04-21T08:38:39","guid":{"rendered":"\/economic-calendar\/"},"modified":"2024-11-21T09:05:21","modified_gmt":"2024-11-21T09:05:21","slug":"economic-calendar","status":"publish","type":"page","link":"\/es\/economic-calendar\/","title":{"rendered":"Calendario econ\u00f3mico"},"content":{"rendered":"\n<p>El calendario de eventos econ\u00f3micos de WrPro mantiene informados a los trades acerca de importantes eventos financieros que pueden afectar la econom\u00eda global y causar fluctuaciones en el mercado.<\/p>\n\n\n\n<p><br>El calendario econ\u00f3mico es una valiosa herramienta para traders de todos los niveles que se enfocan en los eventos mundiales.<\/p>\n\n\n\n<ngp-economic-calendar><\/ngp-economic-calendar>\n\n\n\n<p><\/p>\n","protected":false},"excerpt":{"rendered":"<p>El calendario de eventos econ\u00f3micos de WrPro mantiene informados a los trades acerca de importantes eventos financieros que pueden afectar la econom\u00eda global y causar fluctuaciones en el mercado. El calendario econ\u00f3mico es una valiosa herramienta para traders de todos los niveles que se enfocan en los eventos mundiales.<\/p>\n","protected":false},"author":41,"featured_media":0,"parent":0,"menu_order":0,"comment_status":"closed","ping_status":"closed","template":"page-templates\/page-economic-calendar.php","meta":[],"yoast_head":"<!-- This site is optimized with the Yoast SEO plugin v15.9.1 - https:\/\/yoast.com\/wordpress\/plugins\/seo\/ -->\n<title>Calendario econ\u00f3mico - WRPRO<\/title>\n<link rel=\"canonical\" href=\"https:\/\/www.wrpro.com\/es\/economic-calendar\/\" \/>\n<meta property=\"og:locale\" content=\"es_ES\" \/>\n<meta property=\"og:type\" content=\"article\" \/>\n<meta property=\"og:title\" content=\"Calendario econ\u00f3mico - WRPRO\" \/>\n<meta property=\"og:description\" content=\"El calendario de eventos econ\u00f3micos de WrPro mantiene informados a los trades acerca de importantes eventos financieros que pueden afectar la econom\u00eda global y causar fluctuaciones en el mercado. El calendario econ\u00f3mico es una valiosa herramienta para traders de todos los niveles que se enfocan en los eventos mundiales.\" \/>\n<meta property=\"og:url\" content=\"\/es\/economic-calendar\/\" \/>\n<meta property=\"og:site_name\" content=\"WRPRO\" \/>\n<meta property=\"article:modified_time\" content=\"2024-11-21T09:05:21+00:00\" \/>\n<meta name=\"twitter:card\" content=\"summary_large_image\" \/>\n<script type=\"application\/ld+json\" class=\"yoast-schema-graph\">{\"@context\":\"https:\/\/schema.org\",\"@graph\":[{\"@type\":\"WebSite\",\"@id\":\"https:\/\/www.wrpro.com\/#website\",\"url\":\"https:\/\/www.wrpro.com\/\",\"name\":\"WRPRO\",\"description\":\"\",\"potentialAction\":[{\"@type\":\"SearchAction\",\"target\":\"https:\/\/www.wrpro.com\/?s={search_term_string}\",\"query-input\":\"required name=search_term_string\"}],\"inLanguage\":\"es-ES\"},{\"@type\":\"WebPage\",\"@id\":\"https:\/\/www.wrpro.com\/es\/economic-calendar\/#webpage\",\"url\":\"https:\/\/www.wrpro.com\/es\/economic-calendar\/\",\"name\":\"Calendario econ\\u00f3mico - WRPRO\",\"isPartOf\":{\"@id\":\"https:\/\/www.wrpro.com\/#website\"},\"datePublished\":\"2023-04-21T08:38:39+00:00\",\"dateModified\":\"2024-11-21T09:05:21+00:00\",\"breadcrumb\":{\"@id\":\"https:\/\/www.wrpro.com\/es\/economic-calendar\/#breadcrumb\"},\"inLanguage\":\"es-ES\",\"potentialAction\":[{\"@type\":\"ReadAction\",\"target\":[\"https:\/\/www.wrpro.com\/es\/economic-calendar\/\"]}]},{\"@type\":\"BreadcrumbList\",\"@id\":\"https:\/\/www.wrpro.com\/es\/economic-calendar\/#breadcrumb\",\"itemListElement\":[{\"@type\":\"ListItem\",\"position\":1,\"item\":{\"@type\":\"WebPage\",\"@id\":\"\/es\/economic-calendar\/\",\"url\":\"\/es\/economic-calendar\/\",\"name\":\"Calendario econ\\u00f3mico\"}}]}]}<\/script>\n<!-- \/ Yoast SEO plugin. -->","_links":{"self":[{"href":"https:\/\/www.wrpro.com\/es\/wp-json\/wp\/v2\/pages\/66836"}],"collection":[{"href":"https:\/\/www.wrpro.com\/es\/wp-json\/wp\/v2\/pages"}],"about":[{"href":"https:\/\/www.wrpro.com\/es\/wp-json\/wp\/v2\/types\/page"}],"author":[{"embeddable":true,"href":"https:\/\/www.wrpro.com\/es\/wp-json\/wp\/v2\/users\/41"}],"replies":[{"embeddable":true,"href":"https:\/\/www.wrpro.com\/es\/wp-json\/wp\/v2\/comments?post=66836"}],"version-history":[{"count":1,"href":"https:\/\/www.wrpro.com\/es\/wp-json\/wp\/v2\/pages\/66836\/revisions"}],"predecessor-version":[{"id":69834,"href":"https:\/\/www.wrpro.com\/es\/wp-json\/wp\/v2\/pages\/66836\/revisions\/69834"}],"wp:attachment":[{"href":"https:\/\/www.wrpro.com\/es\/wp-json\/wp\/v2\/media?parent=66836"}],"curies":[{"name":"wp","href":"https:\/\/api.w.org\/{rel}","templated":true}]}}