{"id":66844,"date":"2023-04-21T08:18:23","date_gmt":"2023-04-21T08:18:23","guid":{"rendered":"\/contact-us\/"},"modified":"2025-11-26T15:34:45","modified_gmt":"2025-11-26T15:34:45","slug":"contact-us","status":"publish","type":"page","link":"\/es\/contact-us\/","title":{"rendered":"Cont\u00e1ctenos"},"content":{"rendered":"\n<h4>Estaremos encantados de asistirle con cualquier informaci\u00f3n que necesite.<\/h4>\n\n\n\n<p>&nbsp;<\/p>\n\n\n\n<p>Si tiene alguna pregunta acerca del trading en nuestra plataforma, nuestro personal siempre estar\u00e1 disponible para brindarle asistencia y apoyo.<\/p>\n\n\n\n<p>&nbsp;<\/p>\n\n\n\n<p>Puede contactarnos de diversas maneras:<\/p>\n\n\n\n<p>&nbsp;<\/p>\n\n\n\n<p>por correo electr\u00f3nico a:<\/p>\n\n\n\n<p>&nbsp;<\/p>\n\n\n\n<p><strong>Soporte de idioma \u00e1rabe<\/strong><\/p>\n\n\n\n<p><a href=\"mailto:support@wrpro.com\" target=\"_blank\" rel=\"noreferrer noopener\">support@wrpro.com<\/a><\/p>\n\n\n\n<p>&nbsp;<\/p>\n\n\n\n<p><strong>Soporte de idioma ingl\u00e9s<\/strong><\/p>\n\n\n\n<p><a href=\"mailto:support.en@wrpro.com\" data-type=\"mailto\" data-id=\"mailto:support.en@wrpro.com\">support.en@wrpro.com<\/a><\/p>\n\n\n\n<p>&nbsp;<\/p>\n\n\n\n<p><strong>Llamando directamente: <\/strong><\/p>\n\n\n\n<p>&nbsp;<\/p>\n\n\n\n<p>English<br><a href=\"tel:+442080971406\">+442080971406<\/a><\/p>\n\n\n\n<p>&nbsp;<\/p>\n\n\n\n<p>UAE<br><a href=\"tel:+97145429169\">+97145429169<\/a><\/p>\n\n\n\n<p>&nbsp;<\/p>\n\n\n\n<p>Kuwait<\/p>\n\n\n\n<p><a href=\"tel:+5115103477\" target=\"_blank\" rel=\"noreferrer noopener\">+<\/a><a href=\"tel:+96566227817\" target=\"_blank\" rel=\"noreferrer noopener\">96566227817<\/a><\/p>\n\n\n\n<p>&nbsp;<\/p>\n\n\n\n<p>&nbsp;<\/p>\n\n\n\n<p>&nbsp;<\/p>\n\n\n\n<hr class=\"wp-block-separator\"\/>\n\n\n\n<p>&nbsp;<\/p>\n\n\n\n<p><strong>Socios<\/strong> <strong>(I.B):<\/strong> <\/p>\n\n\n\n<p>&nbsp;<\/p>\n\n\n\n<h6>Dubai, Emiratos \u00c1rabes Unidos:<br>Jabal Ali Industrial first, Bur Dubai F, office 12<\/h6>\n\n\n\n<p>&nbsp;<\/p>\n\n\n\n<h6>Manama, Bahrain :<br>MJ Tower, Floor 6, Al Seef District.<\/h6>\n\n\n\n<p>&nbsp;<\/p>\n\n\n\n<h6>Jeddah, Saudi Arabia :<br>King Abdullah Road, Al-Ruwais, 23214.<\/h6>\n\n\n\n<p>&nbsp;<\/p>\n\n\n\n<p><\/p>\n","protected":false},"excerpt":{"rendered":"<p>Estaremos encantados de asistirle con cualquier informaci\u00f3n que necesite. &nbsp; Si tiene alguna pregunta acerca del trading en nuestra plataforma, nuestro personal siempre estar\u00e1 disponible para brindarle asistencia y apoyo. &nbsp; Puede contactarnos de diversas maneras: &nbsp; por correo electr\u00f3nico a: &nbsp; Soporte de idioma \u00e1rabe support@wrpro.com &nbsp; Soporte de idioma ingl\u00e9s support.en@wrpro.com &nbsp; Llamando [&hellip;]<\/p>\n","protected":false},"author":36,"featured_media":0,"parent":0,"menu_order":0,"comment_status":"closed","ping_status":"closed","template":"page-templates\/page-contact-us.php","meta":[],"yoast_head":"<!-- This site is optimized with the Yoast SEO plugin v15.9.1 - https:\/\/yoast.com\/wordpress\/plugins\/seo\/ -->\n<title>Cont\u00e1ctenos - WRPRO<\/title>\n<link rel=\"canonical\" href=\"https:\/\/www.wrpro.com\/es\/contact-us\/\" \/>\n<meta property=\"og:locale\" content=\"es_ES\" \/>\n<meta property=\"og:type\" content=\"article\" \/>\n<meta property=\"og:title\" content=\"Cont\u00e1ctenos - WRPRO\" \/>\n<meta property=\"og:description\" content=\"Estaremos encantados de asistirle con cualquier informaci\u00f3n que necesite. &nbsp; Si tiene alguna pregunta acerca del trading en nuestra plataforma, nuestro personal siempre estar\u00e1 disponible para brindarle asistencia y apoyo. &nbsp; Puede contactarnos de diversas maneras: &nbsp; por correo electr\u00f3nico a: &nbsp; Soporte de idioma \u00e1rabe support@wrpro.com &nbsp; Soporte de idioma ingl\u00e9s support.en@wrpro.com &nbsp; Llamando [&hellip;]\" \/>\n<meta property=\"og:url\" content=\"\/es\/contact-us\/\" \/>\n<meta property=\"og:site_name\" content=\"WRPRO\" \/>\n<meta property=\"article:modified_time\" content=\"2025-11-26T15:34:45+00:00\" \/>\n<meta name=\"twitter:card\" content=\"summary_large_image\" \/>\n<meta name=\"twitter:label1\" content=\"Est. reading time\">\n\t<meta name=\"twitter:data1\" content=\"1 minute\">\n<script type=\"application\/ld+json\" class=\"yoast-schema-graph\">{\"@context\":\"https:\/\/schema.org\",\"@graph\":[{\"@type\":\"WebSite\",\"@id\":\"https:\/\/www.wrpro.com\/#website\",\"url\":\"https:\/\/www.wrpro.com\/\",\"name\":\"WRPRO\",\"description\":\"\",\"potentialAction\":[{\"@type\":\"SearchAction\",\"target\":\"https:\/\/www.wrpro.com\/?s={search_term_string}\",\"query-input\":\"required name=search_term_string\"}],\"inLanguage\":\"es-ES\"},{\"@type\":\"WebPage\",\"@id\":\"https:\/\/www.wrpro.com\/es\/contact-us\/#webpage\",\"url\":\"https:\/\/www.wrpro.com\/es\/contact-us\/\",\"name\":\"Cont\\u00e1ctenos - WRPRO\",\"isPartOf\":{\"@id\":\"https:\/\/www.wrpro.com\/#website\"},\"datePublished\":\"2023-04-21T08:18:23+00:00\",\"dateModified\":\"2025-11-26T15:34:45+00:00\",\"breadcrumb\":{\"@id\":\"https:\/\/www.wrpro.com\/es\/contact-us\/#breadcrumb\"},\"inLanguage\":\"es-ES\",\"potentialAction\":[{\"@type\":\"ReadAction\",\"target\":[\"https:\/\/www.wrpro.com\/es\/contact-us\/\"]}]},{\"@type\":\"BreadcrumbList\",\"@id\":\"https:\/\/www.wrpro.com\/es\/contact-us\/#breadcrumb\",\"itemListElement\":[{\"@type\":\"ListItem\",\"position\":1,\"item\":{\"@type\":\"WebPage\",\"@id\":\"\/es\/contact-us\/\",\"url\":\"\/es\/contact-us\/\",\"name\":\"Cont\\u00e1ctenos\"}}]}]}<\/script>\n<!-- \/ Yoast SEO plugin. -->","_links":{"self":[{"href":"https:\/\/www.wrpro.com\/es\/wp-json\/wp\/v2\/pages\/66844"}],"collection":[{"href":"https:\/\/www.wrpro.com\/es\/wp-json\/wp\/v2\/pages"}],"about":[{"href":"https:\/\/www.wrpro.com\/es\/wp-json\/wp\/v2\/types\/page"}],"author":[{"embeddable":true,"href":"https:\/\/www.wrpro.com\/es\/wp-json\/wp\/v2\/users\/36"}],"replies":[{"embeddable":true,"href":"https:\/\/www.wrpro.com\/es\/wp-json\/wp\/v2\/comments?post=66844"}],"version-history":[{"count":5,"href":"https:\/\/www.wrpro.com\/es\/wp-json\/wp\/v2\/pages\/66844\/revisions"}],"predecessor-version":[{"id":79763,"href":"https:\/\/www.wrpro.com\/es\/wp-json\/wp\/v2\/pages\/66844\/revisions\/79763"}],"wp:attachment":[{"href":"https:\/\/www.wrpro.com\/es\/wp-json\/wp\/v2\/media?parent=66844"}],"curies":[{"name":"wp","href":"https:\/\/api.w.org\/{rel}","templated":true}]}}