{"id":66848,"date":"2023-05-18T11:14:18","date_gmt":"2023-05-18T11:14:18","guid":{"rendered":"\/trading-hours\/"},"modified":"2025-01-08T08:46:52","modified_gmt":"2025-01-08T08:46:52","slug":"trading-hours","status":"publish","type":"page","link":"\/es\/trading-hours\/","title":{"rendered":"Horarios de trading"},"content":{"rendered":"\n<p>Aproveche los mercados al m\u00e1ximo!<\/p>\n\n\n\n<p><meta charset=\"utf-8\">Nuestra p\u00e1gina de horarios de trading le brinda informaci\u00f3n actualizada acerca de las horas de apertura de los mercados, para que pueda planificar sus operaciones correspondientemente y aprovechar sus inversiones al m\u00e1ximo.<\/p>\n\n\n\n<p>** Todas las horas est\u00e1n en el huso horario GMT+3<\/p>\n","protected":false},"excerpt":{"rendered":"<p>Aproveche los mercados al m\u00e1ximo! Nuestra p\u00e1gina de horarios de trading le brinda informaci\u00f3n actualizada acerca de las horas de apertura de los mercados, para que pueda planificar sus operaciones correspondientemente y aprovechar sus inversiones al m\u00e1ximo. ** Todas las horas est\u00e1n en el huso horario GMT+3<\/p>\n","protected":false},"author":36,"featured_media":0,"parent":0,"menu_order":0,"comment_status":"closed","ping_status":"closed","template":"page-templates\/page-trading-hours.php","meta":[],"yoast_head":"<!-- This site is optimized with the Yoast SEO plugin v15.9.1 - https:\/\/yoast.com\/wordpress\/plugins\/seo\/ -->\n<title>Horarios de trading - WRPRO<\/title>\n<link rel=\"canonical\" href=\"https:\/\/www.wrpro.com\/es\/trading-hours\/\" \/>\n<meta property=\"og:locale\" content=\"es_ES\" \/>\n<meta property=\"og:type\" content=\"article\" \/>\n<meta property=\"og:title\" content=\"Horarios de trading - WRPRO\" \/>\n<meta property=\"og:description\" content=\"Aproveche los mercados al m\u00e1ximo! Nuestra p\u00e1gina de horarios de trading le brinda informaci\u00f3n actualizada acerca de las horas de apertura de los mercados, para que pueda planificar sus operaciones correspondientemente y aprovechar sus inversiones al m\u00e1ximo. ** Todas las horas est\u00e1n en el huso horario GMT+3\" \/>\n<meta property=\"og:url\" content=\"\/es\/trading-hours\/\" \/>\n<meta property=\"og:site_name\" content=\"WRPRO\" \/>\n<meta property=\"article:modified_time\" content=\"2025-01-08T08:46:52+00:00\" \/>\n<meta name=\"twitter:card\" content=\"summary_large_image\" \/>\n<script type=\"application\/ld+json\" class=\"yoast-schema-graph\">{\"@context\":\"https:\/\/schema.org\",\"@graph\":[{\"@type\":\"WebSite\",\"@id\":\"https:\/\/www.wrpro.com\/#website\",\"url\":\"https:\/\/www.wrpro.com\/\",\"name\":\"WRPRO\",\"description\":\"\",\"potentialAction\":[{\"@type\":\"SearchAction\",\"target\":\"https:\/\/www.wrpro.com\/?s={search_term_string}\",\"query-input\":\"required name=search_term_string\"}],\"inLanguage\":\"es-ES\"},{\"@type\":\"WebPage\",\"@id\":\"https:\/\/www.wrpro.com\/es\/trading-hours\/#webpage\",\"url\":\"https:\/\/www.wrpro.com\/es\/trading-hours\/\",\"name\":\"Horarios de trading - WRPRO\",\"isPartOf\":{\"@id\":\"https:\/\/www.wrpro.com\/#website\"},\"datePublished\":\"2023-05-18T11:14:18+00:00\",\"dateModified\":\"2025-01-08T08:46:52+00:00\",\"breadcrumb\":{\"@id\":\"https:\/\/www.wrpro.com\/es\/trading-hours\/#breadcrumb\"},\"inLanguage\":\"es-ES\",\"potentialAction\":[{\"@type\":\"ReadAction\",\"target\":[\"https:\/\/www.wrpro.com\/es\/trading-hours\/\"]}]},{\"@type\":\"BreadcrumbList\",\"@id\":\"https:\/\/www.wrpro.com\/es\/trading-hours\/#breadcrumb\",\"itemListElement\":[{\"@type\":\"ListItem\",\"position\":1,\"item\":{\"@type\":\"WebPage\",\"@id\":\"\/es\/trading-hours\/\",\"url\":\"\/es\/trading-hours\/\",\"name\":\"Horarios de trading\"}}]}]}<\/script>\n<!-- \/ Yoast SEO plugin. -->","_links":{"self":[{"href":"https:\/\/www.wrpro.com\/es\/wp-json\/wp\/v2\/pages\/66848"}],"collection":[{"href":"https:\/\/www.wrpro.com\/es\/wp-json\/wp\/v2\/pages"}],"about":[{"href":"https:\/\/www.wrpro.com\/es\/wp-json\/wp\/v2\/types\/page"}],"author":[{"embeddable":true,"href":"https:\/\/www.wrpro.com\/es\/wp-json\/wp\/v2\/users\/36"}],"replies":[{"embeddable":true,"href":"https:\/\/www.wrpro.com\/es\/wp-json\/wp\/v2\/comments?post=66848"}],"version-history":[{"count":3,"href":"https:\/\/www.wrpro.com\/es\/wp-json\/wp\/v2\/pages\/66848\/revisions"}],"predecessor-version":[{"id":72053,"href":"https:\/\/www.wrpro.com\/es\/wp-json\/wp\/v2\/pages\/66848\/revisions\/72053"}],"wp:attachment":[{"href":"https:\/\/www.wrpro.com\/es\/wp-json\/wp\/v2\/media?parent=66848"}],"curies":[{"name":"wp","href":"https:\/\/api.w.org\/{rel}","templated":true}]}}