{"id":67479,"date":"2023-05-18T11:05:49","date_gmt":"2023-05-18T11:05:49","guid":{"rendered":"\/rollover-dates\/"},"modified":"2025-06-10T10:26:01","modified_gmt":"2025-06-10T10:26:01","slug":"rollover-dates","status":"publish","type":"page","link":"\/pt\/rollover-dates\/","title":{"rendered":"Datas de rollover"},"content":{"rendered":"\n<p><\/p>\n\n\n\n<p>O Rollover Autom\u00e1tico \u00e9 um servi\u00e7o gratuito que renova automaticamente as posi\u00e7\u00f5es que expiraram, sem exigir fundos adicionais ou afetar o capital da sua conta. Esta funcionalidade poupa-lhe tempo e dinheiro, uma vez que n\u00e3o tem de fazer o rollover manual das suas posi\u00e7\u00f5es ou preocupar-se com o saldo da sua conta de negocia\u00e7\u00e3o.<\/p>\n","protected":false},"excerpt":{"rendered":"<p>O Rollover Autom\u00e1tico \u00e9 um servi\u00e7o gratuito que renova automaticamente as posi\u00e7\u00f5es que expiraram, sem exigir fundos adicionais ou afetar o capital da sua conta. Esta funcionalidade poupa-lhe tempo e dinheiro, uma vez que n\u00e3o tem de fazer o rollover manual das suas posi\u00e7\u00f5es ou preocupar-se com o saldo da sua conta de negocia\u00e7\u00e3o.<\/p>\n","protected":false},"author":36,"featured_media":0,"parent":0,"menu_order":0,"comment_status":"closed","ping_status":"closed","template":"page-templates\/page-rollover-dates.php","meta":[],"yoast_head":"<!-- This site is optimized with the Yoast SEO plugin v15.9.1 - https:\/\/yoast.com\/wordpress\/plugins\/seo\/ -->\n<title>Datas de rollover - WRPRO<\/title>\n<link rel=\"canonical\" href=\"https:\/\/www.wrpro.com\/pt\/rollover-dates\/\" \/>\n<meta property=\"og:locale\" content=\"pt_PT\" \/>\n<meta property=\"og:type\" content=\"article\" \/>\n<meta property=\"og:title\" content=\"Datas de rollover - WRPRO\" \/>\n<meta property=\"og:description\" content=\"O Rollover Autom\u00e1tico \u00e9 um servi\u00e7o gratuito que renova automaticamente as posi\u00e7\u00f5es que expiraram, sem exigir fundos adicionais ou afetar o capital da sua conta. Esta funcionalidade poupa-lhe tempo e dinheiro, uma vez que n\u00e3o tem de fazer o rollover manual das suas posi\u00e7\u00f5es ou preocupar-se com o saldo da sua conta de negocia\u00e7\u00e3o.\" \/>\n<meta property=\"og:url\" content=\"\/pt\/rollover-dates\/\" \/>\n<meta property=\"og:site_name\" content=\"WRPRO\" \/>\n<meta property=\"article:modified_time\" content=\"2025-06-10T10:26:01+00:00\" \/>\n<meta name=\"twitter:card\" content=\"summary_large_image\" \/>\n<meta name=\"twitter:label1\" content=\"Est. reading time\">\n\t<meta name=\"twitter:data1\" content=\"1 minute\">\n<script type=\"application\/ld+json\" class=\"yoast-schema-graph\">{\"@context\":\"https:\/\/schema.org\",\"@graph\":[{\"@type\":\"WebSite\",\"@id\":\"https:\/\/www.wrpro.com\/#website\",\"url\":\"https:\/\/www.wrpro.com\/\",\"name\":\"WRPRO\",\"description\":\"\",\"potentialAction\":[{\"@type\":\"SearchAction\",\"target\":\"https:\/\/www.wrpro.com\/?s={search_term_string}\",\"query-input\":\"required name=search_term_string\"}],\"inLanguage\":\"pt\"},{\"@type\":\"WebPage\",\"@id\":\"https:\/\/www.wrpro.com\/pt\/rollover-dates\/#webpage\",\"url\":\"https:\/\/www.wrpro.com\/pt\/rollover-dates\/\",\"name\":\"Datas de rollover - WRPRO\",\"isPartOf\":{\"@id\":\"https:\/\/www.wrpro.com\/#website\"},\"datePublished\":\"2023-05-18T11:05:49+00:00\",\"dateModified\":\"2025-06-10T10:26:01+00:00\",\"breadcrumb\":{\"@id\":\"https:\/\/www.wrpro.com\/pt\/rollover-dates\/#breadcrumb\"},\"inLanguage\":\"pt\",\"potentialAction\":[{\"@type\":\"ReadAction\",\"target\":[\"https:\/\/www.wrpro.com\/pt\/rollover-dates\/\"]}]},{\"@type\":\"BreadcrumbList\",\"@id\":\"https:\/\/www.wrpro.com\/pt\/rollover-dates\/#breadcrumb\",\"itemListElement\":[{\"@type\":\"ListItem\",\"position\":1,\"item\":{\"@type\":\"WebPage\",\"@id\":\"\/pt\/rollover-dates\/\",\"url\":\"\/pt\/rollover-dates\/\",\"name\":\"Datas de rollover\"}}]}]}<\/script>\n<!-- \/ Yoast SEO plugin. -->","_links":{"self":[{"href":"https:\/\/www.wrpro.com\/pt\/wp-json\/wp\/v2\/pages\/67479"}],"collection":[{"href":"https:\/\/www.wrpro.com\/pt\/wp-json\/wp\/v2\/pages"}],"about":[{"href":"https:\/\/www.wrpro.com\/pt\/wp-json\/wp\/v2\/types\/page"}],"author":[{"embeddable":true,"href":"https:\/\/www.wrpro.com\/pt\/wp-json\/wp\/v2\/users\/36"}],"replies":[{"embeddable":true,"href":"https:\/\/www.wrpro.com\/pt\/wp-json\/wp\/v2\/comments?post=67479"}],"version-history":[{"count":5,"href":"https:\/\/www.wrpro.com\/pt\/wp-json\/wp\/v2\/pages\/67479\/revisions"}],"predecessor-version":[{"id":75740,"href":"https:\/\/www.wrpro.com\/pt\/wp-json\/wp\/v2\/pages\/67479\/revisions\/75740"}],"wp:attachment":[{"href":"https:\/\/www.wrpro.com\/pt\/wp-json\/wp\/v2\/media?parent=67479"}],"curies":[{"name":"wp","href":"https:\/\/api.w.org\/{rel}","templated":true}]}}