{"id":67481,"date":"2023-03-29T11:17:18","date_gmt":"2023-03-29T11:17:18","guid":{"rendered":"\/contact-us\/"},"modified":"2025-11-26T15:34:09","modified_gmt":"2025-11-26T15:34:09","slug":"contact-us","status":"publish","type":"page","link":"\/pt\/contact-us\/","title":{"rendered":"Entre em contacto"},"content":{"rendered":"\n<h4>Estamos \u00e0 sua disposi\u00e7\u00e3o para o ajudar com qualquer informa\u00e7\u00e3o de que necessite.<\/h4>\n\n\n\n<p>&nbsp;<\/p>\n\n\n\n<p>Se tiver alguma d\u00favida sobre como negociar na nossa plataforma, a nossa equipa est\u00e1 sempre dispon\u00edvel para prestar assist\u00eancia e apoio.<\/p>\n\n\n\n<p>&nbsp;<\/p>\n\n\n\n<p>Pode contactar-nos de v\u00e1rias formas:<\/p>\n\n\n\n<p>&nbsp;<\/p>\n\n\n\n<p>por e-mail:<\/p>\n\n\n\n<p>&nbsp;<\/p>\n\n\n\n<p><strong>Suporte ao idioma \u00e1rabe<\/strong><\/p>\n\n\n\n<p>&nbsp;<\/p>\n\n\n\n<p><a rel=\"noreferrer noopener\" target=\"_blank\" href=\"mailto:support@wrpro.com\" data-type=\"mailto\" data-id=\"mailto:support@wrpro.com\">support@wrpr<\/a><a href=\"mailto:support@wrpro.com\" data-type=\"mailto\" data-id=\"mailto:support@wrpro.com\" target=\"_blank\" rel=\"noreferrer noopener\">o<\/a><a rel=\"noreferrer noopener\" target=\"_blank\" href=\"mailto:support@wrpro.com\" data-type=\"mailto\" data-id=\"mailto:support@wrpro.com\">.com<\/a><\/p>\n\n\n\n<p>&nbsp;<\/p>\n\n\n\n<p><strong>Suporte ao idioma ingl\u00eas<\/strong><\/p>\n\n\n\n<p>&nbsp;<\/p>\n\n\n\n<p><a href=\"mailto:support.en@wrpro.com\" data-type=\"mailto\" data-id=\"mailto:support.en@wrpro.com\">support.en@wrpro.com<\/a><\/p>\n\n\n\n<p>&nbsp;<\/p>\n\n\n\n<p><strong>Chamada direta<\/strong>:<\/p>\n\n\n\n<p>&nbsp;<\/p>\n\n\n\n<p>English<br><a href=\"tel:+442080971406\">+442080971406<\/a><\/p>\n\n\n\n<p>&nbsp;<\/p>\n\n\n\n<p>UAE<br><a href=\"tel:+97145429169\" target=\"_blank\" rel=\"noreferrer noopener\">+97145429169<\/a><\/p>\n\n\n\n<p>&nbsp;<\/p>\n\n\n\n<p>Kuwait<\/p>\n\n\n\n<p><a href=\"tel:+96566227817\" target=\"_blank\" rel=\"noreferrer noopener\">+96566227817<\/a><\/p>\n\n\n\n<p>&nbsp;<\/p>\n\n\n\n<p><\/p>\n\n\n\n<p>&nbsp;<\/p>\n\n\n\n<p>&nbsp;<\/p>\n\n\n\n<hr class=\"wp-block-separator\"\/>\n\n\n\n<p>&nbsp;<\/p>\n\n\n\n<p><strong>Parceiros<\/strong> <strong>(I.B):<\/strong> <\/p>\n\n\n\n<p>&nbsp;<\/p>\n\n\n\n<h6>Dubai, Emirados \u00c1rabes Unidos: :<br>Jabal Ali Industrial first, Bur Dubai F, office 12<br><\/h6>\n\n\n\n<p>&nbsp;<\/p>\n\n\n\n<h6>Manama, Bahrain :<br>MJ Tower, Floor 6, Al Seef District.<\/h6>\n\n\n\n<p>&nbsp;<\/p>\n\n\n\n<h6>Jeddah, Saudi Arabia :<br>King Abdullah Road, Al-Ruwais, 23214.<\/h6>\n\n\n\n<p><\/p>\n\n\n\n<h5> <\/h5>\n\n\n\n<p><\/p>\n","protected":false},"excerpt":{"rendered":"<p>Estamos \u00e0 sua disposi\u00e7\u00e3o para o ajudar com qualquer informa\u00e7\u00e3o de que necessite. &nbsp; Se tiver alguma d\u00favida sobre como negociar na nossa plataforma, a nossa equipa est\u00e1 sempre dispon\u00edvel para prestar assist\u00eancia e apoio. &nbsp; Pode contactar-nos de v\u00e1rias formas: &nbsp; por e-mail: &nbsp; Suporte ao idioma \u00e1rabe &nbsp; support@wrpro.com &nbsp; Suporte ao idioma [&hellip;]<\/p>\n","protected":false},"author":36,"featured_media":0,"parent":0,"menu_order":0,"comment_status":"closed","ping_status":"closed","template":"page-templates\/page-contact-us.php","meta":[],"yoast_head":"<!-- This site is optimized with the Yoast SEO plugin v15.9.1 - https:\/\/yoast.com\/wordpress\/plugins\/seo\/ -->\n<title>Entre em contacto - WRPRO<\/title>\n<link rel=\"canonical\" href=\"https:\/\/www.wrpro.com\/pt\/contact-us\/\" \/>\n<meta property=\"og:locale\" content=\"pt_PT\" \/>\n<meta property=\"og:type\" content=\"article\" \/>\n<meta property=\"og:title\" content=\"Entre em contacto - WRPRO\" \/>\n<meta property=\"og:description\" content=\"Estamos \u00e0 sua disposi\u00e7\u00e3o para o ajudar com qualquer informa\u00e7\u00e3o de que necessite. &nbsp; Se tiver alguma d\u00favida sobre como negociar na nossa plataforma, a nossa equipa est\u00e1 sempre dispon\u00edvel para prestar assist\u00eancia e apoio. &nbsp; Pode contactar-nos de v\u00e1rias formas: &nbsp; por e-mail: &nbsp; Suporte ao idioma \u00e1rabe &nbsp; support@wrpro.com &nbsp; Suporte ao idioma [&hellip;]\" \/>\n<meta property=\"og:url\" content=\"\/pt\/contact-us\/\" \/>\n<meta property=\"og:site_name\" content=\"WRPRO\" \/>\n<meta property=\"article:modified_time\" content=\"2025-11-26T15:34:09+00:00\" \/>\n<meta name=\"twitter:card\" content=\"summary_large_image\" \/>\n<meta name=\"twitter:label1\" content=\"Est. reading time\">\n\t<meta name=\"twitter:data1\" content=\"1 minute\">\n<script type=\"application\/ld+json\" class=\"yoast-schema-graph\">{\"@context\":\"https:\/\/schema.org\",\"@graph\":[{\"@type\":\"WebSite\",\"@id\":\"https:\/\/www.wrpro.com\/#website\",\"url\":\"https:\/\/www.wrpro.com\/\",\"name\":\"WRPRO\",\"description\":\"\",\"potentialAction\":[{\"@type\":\"SearchAction\",\"target\":\"https:\/\/www.wrpro.com\/?s={search_term_string}\",\"query-input\":\"required name=search_term_string\"}],\"inLanguage\":\"pt\"},{\"@type\":\"WebPage\",\"@id\":\"https:\/\/www.wrpro.com\/pt\/contact-us\/#webpage\",\"url\":\"https:\/\/www.wrpro.com\/pt\/contact-us\/\",\"name\":\"Entre em contacto - WRPRO\",\"isPartOf\":{\"@id\":\"https:\/\/www.wrpro.com\/#website\"},\"datePublished\":\"2023-03-29T11:17:18+00:00\",\"dateModified\":\"2025-11-26T15:34:09+00:00\",\"breadcrumb\":{\"@id\":\"https:\/\/www.wrpro.com\/pt\/contact-us\/#breadcrumb\"},\"inLanguage\":\"pt\",\"potentialAction\":[{\"@type\":\"ReadAction\",\"target\":[\"https:\/\/www.wrpro.com\/pt\/contact-us\/\"]}]},{\"@type\":\"BreadcrumbList\",\"@id\":\"https:\/\/www.wrpro.com\/pt\/contact-us\/#breadcrumb\",\"itemListElement\":[{\"@type\":\"ListItem\",\"position\":1,\"item\":{\"@type\":\"WebPage\",\"@id\":\"\/pt\/contact-us\/\",\"url\":\"\/pt\/contact-us\/\",\"name\":\"Entre em contacto\"}}]}]}<\/script>\n<!-- \/ Yoast SEO plugin. -->","_links":{"self":[{"href":"https:\/\/www.wrpro.com\/pt\/wp-json\/wp\/v2\/pages\/67481"}],"collection":[{"href":"https:\/\/www.wrpro.com\/pt\/wp-json\/wp\/v2\/pages"}],"about":[{"href":"https:\/\/www.wrpro.com\/pt\/wp-json\/wp\/v2\/types\/page"}],"author":[{"embeddable":true,"href":"https:\/\/www.wrpro.com\/pt\/wp-json\/wp\/v2\/users\/36"}],"replies":[{"embeddable":true,"href":"https:\/\/www.wrpro.com\/pt\/wp-json\/wp\/v2\/comments?post=67481"}],"version-history":[{"count":4,"href":"https:\/\/www.wrpro.com\/pt\/wp-json\/wp\/v2\/pages\/67481\/revisions"}],"predecessor-version":[{"id":79762,"href":"https:\/\/www.wrpro.com\/pt\/wp-json\/wp\/v2\/pages\/67481\/revisions\/79762"}],"wp:attachment":[{"href":"https:\/\/www.wrpro.com\/pt\/wp-json\/wp\/v2\/media?parent=67481"}],"curies":[{"name":"wp","href":"https:\/\/api.w.org\/{rel}","templated":true}]}}