{"id":67488,"date":"2023-05-18T11:14:18","date_gmt":"2023-05-18T11:14:18","guid":{"rendered":"\/trading-hours\/"},"modified":"2025-01-08T08:49:24","modified_gmt":"2025-01-08T08:49:24","slug":"trading-hours","status":"publish","type":"page","link":"\/pt\/trading-hours\/","title":{"rendered":"Hor\u00e1rio de Negocia\u00e7\u00e3o"},"content":{"rendered":"\n<p><meta charset=\"utf-8\">Aproveitar ao m\u00e1ximo os mercados!<\/p>\n\n\n\n<p>A nossa p\u00e1gina de Hor\u00e1rios de Negocia\u00e7\u00e3o fornece informa\u00e7\u00f5es atualizadas sobre as horas de abertura dos mercados, para que possa planear devidamente as suas negocia\u00e7\u00f5es e tirar o m\u00e1ximo partido dos seus investimentos.<\/p>\n\n\n\n<p>** Todas as horas em GMT+3<\/p>\n","protected":false},"excerpt":{"rendered":"<p>Aproveitar ao m\u00e1ximo os mercados! A nossa p\u00e1gina de Hor\u00e1rios de Negocia\u00e7\u00e3o fornece informa\u00e7\u00f5es atualizadas sobre as horas de abertura dos mercados, para que possa planear devidamente as suas negocia\u00e7\u00f5es e tirar o m\u00e1ximo partido dos seus investimentos. ** Todas as horas em GMT+3<\/p>\n","protected":false},"author":36,"featured_media":0,"parent":0,"menu_order":0,"comment_status":"closed","ping_status":"closed","template":"page-templates\/page-trading-hours.php","meta":[],"yoast_head":"<!-- This site is optimized with the Yoast SEO plugin v15.9.1 - https:\/\/yoast.com\/wordpress\/plugins\/seo\/ -->\n<title>Hor\u00e1rio de Negocia\u00e7\u00e3o - WRPRO<\/title>\n<link rel=\"canonical\" href=\"https:\/\/www.wrpro.com\/pt\/trading-hours\/\" \/>\n<meta property=\"og:locale\" content=\"pt_PT\" \/>\n<meta property=\"og:type\" content=\"article\" \/>\n<meta property=\"og:title\" content=\"Hor\u00e1rio de Negocia\u00e7\u00e3o - WRPRO\" \/>\n<meta property=\"og:description\" content=\"Aproveitar ao m\u00e1ximo os mercados! A nossa p\u00e1gina de Hor\u00e1rios de Negocia\u00e7\u00e3o fornece informa\u00e7\u00f5es atualizadas sobre as horas de abertura dos mercados, para que possa planear devidamente as suas negocia\u00e7\u00f5es e tirar o m\u00e1ximo partido dos seus investimentos. ** Todas as horas em GMT+3\" \/>\n<meta property=\"og:url\" content=\"\/pt\/trading-hours\/\" \/>\n<meta property=\"og:site_name\" content=\"WRPRO\" \/>\n<meta property=\"article:modified_time\" content=\"2025-01-08T08:49:24+00:00\" \/>\n<meta name=\"twitter:card\" content=\"summary_large_image\" \/>\n<script type=\"application\/ld+json\" class=\"yoast-schema-graph\">{\"@context\":\"https:\/\/schema.org\",\"@graph\":[{\"@type\":\"WebSite\",\"@id\":\"https:\/\/www.wrpro.com\/#website\",\"url\":\"https:\/\/www.wrpro.com\/\",\"name\":\"WRPRO\",\"description\":\"\",\"potentialAction\":[{\"@type\":\"SearchAction\",\"target\":\"https:\/\/www.wrpro.com\/?s={search_term_string}\",\"query-input\":\"required name=search_term_string\"}],\"inLanguage\":\"pt\"},{\"@type\":\"WebPage\",\"@id\":\"https:\/\/www.wrpro.com\/pt\/trading-hours\/#webpage\",\"url\":\"https:\/\/www.wrpro.com\/pt\/trading-hours\/\",\"name\":\"Hor\\u00e1rio de Negocia\\u00e7\\u00e3o - WRPRO\",\"isPartOf\":{\"@id\":\"https:\/\/www.wrpro.com\/#website\"},\"datePublished\":\"2023-05-18T11:14:18+00:00\",\"dateModified\":\"2025-01-08T08:49:24+00:00\",\"breadcrumb\":{\"@id\":\"https:\/\/www.wrpro.com\/pt\/trading-hours\/#breadcrumb\"},\"inLanguage\":\"pt\",\"potentialAction\":[{\"@type\":\"ReadAction\",\"target\":[\"https:\/\/www.wrpro.com\/pt\/trading-hours\/\"]}]},{\"@type\":\"BreadcrumbList\",\"@id\":\"https:\/\/www.wrpro.com\/pt\/trading-hours\/#breadcrumb\",\"itemListElement\":[{\"@type\":\"ListItem\",\"position\":1,\"item\":{\"@type\":\"WebPage\",\"@id\":\"\/pt\/trading-hours\/\",\"url\":\"\/pt\/trading-hours\/\",\"name\":\"Hor\\u00e1rio de Negocia\\u00e7\\u00e3o\"}}]}]}<\/script>\n<!-- \/ Yoast SEO plugin. -->","_links":{"self":[{"href":"https:\/\/www.wrpro.com\/pt\/wp-json\/wp\/v2\/pages\/67488"}],"collection":[{"href":"https:\/\/www.wrpro.com\/pt\/wp-json\/wp\/v2\/pages"}],"about":[{"href":"https:\/\/www.wrpro.com\/pt\/wp-json\/wp\/v2\/types\/page"}],"author":[{"embeddable":true,"href":"https:\/\/www.wrpro.com\/pt\/wp-json\/wp\/v2\/users\/36"}],"replies":[{"embeddable":true,"href":"https:\/\/www.wrpro.com\/pt\/wp-json\/wp\/v2\/comments?post=67488"}],"version-history":[{"count":3,"href":"https:\/\/www.wrpro.com\/pt\/wp-json\/wp\/v2\/pages\/67488\/revisions"}],"predecessor-version":[{"id":72054,"href":"https:\/\/www.wrpro.com\/pt\/wp-json\/wp\/v2\/pages\/67488\/revisions\/72054"}],"wp:attachment":[{"href":"https:\/\/www.wrpro.com\/pt\/wp-json\/wp\/v2\/media?parent=67488"}],"curies":[{"name":"wp","href":"https:\/\/api.w.org\/{rel}","templated":true}]}}