{"id":67492,"date":"2023-03-29T11:11:21","date_gmt":"2023-03-29T11:11:21","guid":{"rendered":"\/legal-documents\/"},"modified":"2024-11-21T09:21:18","modified_gmt":"2024-11-21T09:21:18","slug":"legal-documents","status":"publish","type":"page","link":"\/pt\/legal-documents\/","title":{"rendered":"Jur\u00eddico"},"content":{"rendered":"\n<p>Na WrPro, levamos muito a s\u00e9rio o cumprimento das leis e regulamentos, especialmente quando se trata dos interesses dos nossos clientes. Aconselhamo-lo vivamente a rever os nossos documentos legais antes de iniciar a sua jornada de negocia\u00e7\u00e3o, para garantir que compreende totalmente os termos e condi\u00e7\u00f5es dos nossos servi\u00e7os.<\/p>\n\n\n\n<p>O nosso compromisso de cumprir as normas e regulamentos do sector significa que pode confiar em n\u00f3s para manter os seus investimentos seguros e protegidos.<\/p>\n","protected":false},"excerpt":{"rendered":"<p>Na WrPro, levamos muito a s\u00e9rio o cumprimento das leis e regulamentos, especialmente quando se trata dos interesses dos nossos clientes. Aconselhamo-lo vivamente a rever os nossos documentos legais antes de iniciar a sua jornada de negocia\u00e7\u00e3o, para garantir que compreende totalmente os termos e condi\u00e7\u00f5es dos nossos servi\u00e7os. O nosso compromisso de cumprir as [&hellip;]<\/p>\n","protected":false},"author":36,"featured_media":0,"parent":0,"menu_order":0,"comment_status":"closed","ping_status":"closed","template":"page-templates\/page-legal-doc.php","meta":[],"yoast_head":"<!-- This site is optimized with the Yoast SEO plugin v15.9.1 - https:\/\/yoast.com\/wordpress\/plugins\/seo\/ -->\n<title>Jur\u00eddico - WRPRO<\/title>\n<link rel=\"canonical\" href=\"https:\/\/www.wrpro.com\/pt\/legal-documents\/\" \/>\n<meta property=\"og:locale\" content=\"pt_PT\" \/>\n<meta property=\"og:type\" content=\"article\" \/>\n<meta property=\"og:title\" content=\"Jur\u00eddico - WRPRO\" \/>\n<meta property=\"og:description\" content=\"Na WrPro, levamos muito a s\u00e9rio o cumprimento das leis e regulamentos, especialmente quando se trata dos interesses dos nossos clientes. Aconselhamo-lo vivamente a rever os nossos documentos legais antes de iniciar a sua jornada de negocia\u00e7\u00e3o, para garantir que compreende totalmente os termos e condi\u00e7\u00f5es dos nossos servi\u00e7os. O nosso compromisso de cumprir as [&hellip;]\" \/>\n<meta property=\"og:url\" content=\"\/pt\/legal-documents\/\" \/>\n<meta property=\"og:site_name\" content=\"WRPRO\" \/>\n<meta property=\"article:modified_time\" content=\"2024-11-21T09:21:18+00:00\" \/>\n<meta name=\"twitter:card\" content=\"summary_large_image\" \/>\n<script type=\"application\/ld+json\" class=\"yoast-schema-graph\">{\"@context\":\"https:\/\/schema.org\",\"@graph\":[{\"@type\":\"WebSite\",\"@id\":\"https:\/\/www.wrpro.com\/#website\",\"url\":\"https:\/\/www.wrpro.com\/\",\"name\":\"WRPRO\",\"description\":\"\",\"potentialAction\":[{\"@type\":\"SearchAction\",\"target\":\"https:\/\/www.wrpro.com\/?s={search_term_string}\",\"query-input\":\"required name=search_term_string\"}],\"inLanguage\":\"pt\"},{\"@type\":\"WebPage\",\"@id\":\"https:\/\/www.wrpro.com\/pt\/legal-documents\/#webpage\",\"url\":\"https:\/\/www.wrpro.com\/pt\/legal-documents\/\",\"name\":\"Jur\\u00eddico - WRPRO\",\"isPartOf\":{\"@id\":\"https:\/\/www.wrpro.com\/#website\"},\"datePublished\":\"2023-03-29T11:11:21+00:00\",\"dateModified\":\"2024-11-21T09:21:18+00:00\",\"breadcrumb\":{\"@id\":\"https:\/\/www.wrpro.com\/pt\/legal-documents\/#breadcrumb\"},\"inLanguage\":\"pt\",\"potentialAction\":[{\"@type\":\"ReadAction\",\"target\":[\"https:\/\/www.wrpro.com\/pt\/legal-documents\/\"]}]},{\"@type\":\"BreadcrumbList\",\"@id\":\"https:\/\/www.wrpro.com\/pt\/legal-documents\/#breadcrumb\",\"itemListElement\":[{\"@type\":\"ListItem\",\"position\":1,\"item\":{\"@type\":\"WebPage\",\"@id\":\"\/pt\/legal-documents\/\",\"url\":\"\/pt\/legal-documents\/\",\"name\":\"Jur\\u00eddico\"}}]}]}<\/script>\n<!-- \/ Yoast SEO plugin. -->","_links":{"self":[{"href":"https:\/\/www.wrpro.com\/pt\/wp-json\/wp\/v2\/pages\/67492"}],"collection":[{"href":"https:\/\/www.wrpro.com\/pt\/wp-json\/wp\/v2\/pages"}],"about":[{"href":"https:\/\/www.wrpro.com\/pt\/wp-json\/wp\/v2\/types\/page"}],"author":[{"embeddable":true,"href":"https:\/\/www.wrpro.com\/pt\/wp-json\/wp\/v2\/users\/36"}],"replies":[{"embeddable":true,"href":"https:\/\/www.wrpro.com\/pt\/wp-json\/wp\/v2\/comments?post=67492"}],"version-history":[{"count":1,"href":"https:\/\/www.wrpro.com\/pt\/wp-json\/wp\/v2\/pages\/67492\/revisions"}],"predecessor-version":[{"id":70003,"href":"https:\/\/www.wrpro.com\/pt\/wp-json\/wp\/v2\/pages\/67492\/revisions\/70003"}],"wp:attachment":[{"href":"https:\/\/www.wrpro.com\/pt\/wp-json\/wp\/v2\/media?parent=67492"}],"curies":[{"name":"wp","href":"https:\/\/api.w.org\/{rel}","templated":true}]}}